{"id":5175,"date":"2026-01-26T12:10:44","date_gmt":"2026-01-26T11:10:44","guid":{"rendered":"https:\/\/www.bras-de-fer.fr\/blog\/?page_id=5175"},"modified":"2026-01-26T12:11:44","modified_gmt":"2026-01-26T11:11:44","slug":"pourquoi-les-athletes-de-sport-sentrainent-ils","status":"publish","type":"page","link":"https:\/\/www.bras-de-fer.fr\/blog\/pourquoi-les-athletes-de-sport-sentrainent-ils\/","title":{"rendered":"Pourquoi les athl\u00e8tes d&rsquo;e-sport s&rsquo;entra\u00eenent-ils ?"},"content":{"rendered":"\n<p>L\u2019e-sport demande de la rigueur et de la r\u00e9gularit\u00e9. Les joueurs professionnels ne comptent pas seulement sur le talent. Ils doivent r\u00e9p\u00e9ter les m\u00eames actions chaque jour. Avec un bon entra\u00eenement, ils peuvent progresser et garder une bonne constance. C\u2019est aussi un bon moyen de mieux g\u00e9rer les exigences des comp\u00e9titions. Pour savoir exactement ce qu\u2019un entra\u00eenement offre aux athl\u00e8tes d\u2019e-sport, focus sur cet article.<\/p>\n\n\n\n<h2 class=\"wp-block-heading\"><strong>Permet d\u2019am\u00e9liorer la concentration<\/strong><\/h2>\n\n\n\n<p>La concentration est essentielle pendant une partie. Le joueur doit suivre ce qui se passe \u00e0 l\u2019\u00e9cran sans se disperser. Un entra\u00eenement r\u00e9gulier lui permet de rester attentif plus longtemps. Il limite les erreurs li\u00e9es \u00e0 l\u2019inattention. C\u2019est gr\u00e2ce \u00e0 un bon entra\u00eenement que les joueurs am\u00e9liorent leurs performances en match.<\/p>\n\n\n\n<p>En s\u2019entra\u00eenant souvent, le joueur peut garder une bonne concentration en toutes circonstances. Il reste focalis\u00e9 sur l\u2019objectif principal. Cela lui permet de r\u00e9agir plus vite. La concentration devient plus naturelle avec le temps.<\/p>\n\n\n\n<h2 class=\"wp-block-heading\"><strong>Une meilleure gestion de la pression<\/strong><\/h2>\n\n\n\n<p>Les comp\u00e9titions d\u2019e-sport peuvent \u00eatre stressantes. Effectivement, elles demandent de l\u2019\u00e9nergie, de la concentration et une bonne ma\u00eetrise de soi. Qu\u2019importe le domaine : jeu de simulation, de plateformes, en monde ouvert ou de casino en ligne, la pression peut \u00eatre imposante. Par ailleurs, certains sites de<a href=\"https:\/\/casinodays.com\/fr-ca\/casino\" target=\"_blank\" rel=\"noopener\"> casino Quebec<\/a> proposent des jeux exigeants. C\u2019est le cas du Blackjack, qui n\u00e9cessite de la r\u00e9flexion, de la strat\u00e9gie et de la concentration.<\/p>\n\n\n\n<p>L\u2019entra\u00eenement permet aux joueurs de mieux g\u00e9rer les \u00e9motions. Ils peuvent ainsi rester calme dans les moments importants. Le joueur gagne en assurance. Avec l\u2019habitude, les situations tendues deviennent plus faciles \u00e0 g\u00e9rer. Le joueur garde le contr\u00f4le de ses actions. Il \u00e9vite les r\u00e9actions impulsives.<\/p>\n\n\n\n<h2 class=\"wp-block-heading\"><strong>Permet d\u2019am\u00e9liorer le mouvement des mains<\/strong><\/h2>\n\n\n\n<p>La dext\u00e9rit\u00e9 est indispensable en e-sport. Gr\u00e2ce aux gestes r\u00e9p\u00e9t\u00e9s, le joueur devient de plus en plus \u00e0 l\u2019aise dans ses mouvements. Il devient ainsi plus efficace. Avec le temps, les gestes sont automatiques, plus besoin de r\u00e9fl\u00e9chir \u00e0 chaque fois. En \u00e9tant plus rapide, un joueur a besoin de moins de temps de r\u00e9action. Elle permet de mieux suivre le rythme du jeu.<\/p>\n\n\n\n<p>Savoir ma\u00eetriser ses gestes <a href=\"https:\/\/www.aroma-zone.com\/page\/comment-lutter-contre-la-fatigue-naturellement\" target=\"_blank\" rel=\"noopener\">limite aussi la fatigue<\/a>. Les mouvements sont mieux contr\u00f4l\u00e9s. Le joueur force moins sur ses mains. Gr\u00e2ce \u00e0 cette aisance, la pratique devient plus confortable. Elle aide \u00e0 rester performant plus longtemps.<\/p>\n\n\n\n<h2 class=\"wp-block-heading\"><strong>Permet de r\u00e9duire la fatigue oculaire<\/strong><\/h2>\n\n\n\n<p>Les athl\u00e8tes d\u2019e-sport fixent l\u2019\u00e9cran des heures. Cela peut fatiguer les yeux rapidement. Avec un bon entra\u00eenement, ils peuvent g\u00e9rer plus facilement ce temps. Les joueurs apprennent \u00e0 organiser leurs sessions. Ils prot\u00e8gent ainsi leur confort visuel.<\/p>\n\n\n\n<p>Avec l\u2019habitude, les joueurs adoptent de bonnes pratiques. Ils font des pauses r\u00e9guli\u00e8res. Ils \u00e9vitent les efforts prolong\u00e9s inutiles. C\u2019est le meilleur moyen de <a href=\"https:\/\/www.radiofrance.fr\/franceinter\/cinq-astuces-pour-preserver-sa-vue-7742017\" target=\"_blank\" rel=\"noopener\">limiter la g\u00eane visuelle<\/a>. Cela am\u00e9liore aussi le bien-\u00eatre g\u00e9n\u00e9ral. Une bonne organisation r\u00e9duit la fatigue sur le long terme. Les yeux restent moins sollicit\u00e9s pendant les matchs. Le joueur reste plus \u00e0 l\u2019aise. Cette stabilit\u00e9 am\u00e9liore la concentration.<\/p>\n\n\n\n<h2 class=\"wp-block-heading\"><strong>Un bon entra\u00eenement am\u00e9liore les performances<\/strong><\/h2>\n\n\n\n<figure class=\"wp-block-image size-full\"><img decoding=\"async\" width=\"528\" height=\"341\" src=\"https:\/\/www.bras-de-fer.fr\/blog\/wp-content\/uploads\/2026\/01\/Capture-decran-2026-01-26-121023.jpg\" alt=\"\" class=\"wp-image-5176\" srcset=\"https:\/\/www.bras-de-fer.fr\/blog\/wp-content\/uploads\/2026\/01\/Capture-decran-2026-01-26-121023.jpg 528w, https:\/\/www.bras-de-fer.fr\/blog\/wp-content\/uploads\/2026\/01\/Capture-decran-2026-01-26-121023-300x194.jpg 300w\" sizes=\"(max-width: 528px) 100vw, 528px\" \/><\/figure>\n\n\n\n<p>Tout comme les athl\u00e8tes sportifs, les athl\u00e8tes d\u2019e-sport ont besoin d\u2019entra\u00eenement. Ils doivent am\u00e9liorer leur concentration. Cela leur permet aussi de mieux g\u00e9rer la pression. Il renforce aussi la pr\u00e9cision des gestes. En outre, une bonne organisation limite la fatigue visuelle. C\u2019est gr\u00e2ce \u00e0 ces \u00e9l\u00e9ments que les joueurs professionnels restent constants.<\/p>\n","protected":false},"excerpt":{"rendered":"<p>L\u2019e-sport demande de la rigueur et de la r\u00e9gularit\u00e9. Les joueurs professionnels ne comptent pas seulement sur le talent. Ils doivent r\u00e9p\u00e9ter les m\u00eames actions chaque jour. Avec un bon entra\u00eenement, ils peuvent progresser et garder une bonne constance. C\u2019est aussi un bon moyen de mieux g\u00e9rer les exigences des comp\u00e9titions. Pour savoir exactement ce &#8230; <a title=\"Pourquoi les athl\u00e8tes d&rsquo;e-sport s&rsquo;entra\u00eenent-ils ?\" class=\"read-more\" href=\"https:\/\/www.bras-de-fer.fr\/blog\/pourquoi-les-athletes-de-sport-sentrainent-ils\/\" aria-label=\"En savoir plus sur Pourquoi les athl\u00e8tes d&rsquo;e-sport s&rsquo;entra\u00eenent-ils ?\">Lire plus<\/a><\/p>\n","protected":false},"author":1,"featured_media":5178,"parent":0,"menu_order":0,"comment_status":"closed","ping_status":"closed","template":"","meta":{"footnotes":""},"class_list":["post-5175","page","type-page","status-publish","has-post-thumbnail"],"_links":{"self":[{"href":"https:\/\/www.bras-de-fer.fr\/blog\/wp-json\/wp\/v2\/pages\/5175","targetHints":{"allow":["GET"]}}],"collection":[{"href":"https:\/\/www.bras-de-fer.fr\/blog\/wp-json\/wp\/v2\/pages"}],"about":[{"href":"https:\/\/www.bras-de-fer.fr\/blog\/wp-json\/wp\/v2\/types\/page"}],"author":[{"embeddable":true,"href":"https:\/\/www.bras-de-fer.fr\/blog\/wp-json\/wp\/v2\/users\/1"}],"replies":[{"embeddable":true,"href":"https:\/\/www.bras-de-fer.fr\/blog\/wp-json\/wp\/v2\/comments?post=5175"}],"version-history":[{"count":1,"href":"https:\/\/www.bras-de-fer.fr\/blog\/wp-json\/wp\/v2\/pages\/5175\/revisions"}],"predecessor-version":[{"id":5177,"href":"https:\/\/www.bras-de-fer.fr\/blog\/wp-json\/wp\/v2\/pages\/5175\/revisions\/5177"}],"wp:featuredmedia":[{"embeddable":true,"href":"https:\/\/www.bras-de-fer.fr\/blog\/wp-json\/wp\/v2\/media\/5178"}],"wp:attachment":[{"href":"https:\/\/www.bras-de-fer.fr\/blog\/wp-json\/wp\/v2\/media?parent=5175"}],"curies":[{"name":"wp","href":"https:\/\/api.w.org\/{rel}","templated":true}]}}