{"id":449,"date":"2024-05-15T08:53:54","date_gmt":"2024-05-15T06:53:54","guid":{"rendered":"https:\/\/www.bras-de-fer.fr\/blog\/?page_id=449"},"modified":"2024-05-15T08:53:56","modified_gmt":"2024-05-15T06:53:56","slug":"a-propos","status":"publish","type":"page","link":"https:\/\/www.bras-de-fer.fr\/blog\/a-propos\/","title":{"rendered":"A Propos"},"content":{"rendered":"\n<p>Bienvenue sur notre blog d\u00e9di\u00e9 au sport ! Je suis Julien, un passionn\u00e9 d&rsquo;activit\u00e9s physiques et de bien-\u00eatre, et je suis ravi de vous accueillir sur notre plateforme.<\/p>\n\n\n\n<p>Ici, vous d\u00e9couvrirez une multitude d\u2019articles passionnants consacr\u00e9s \u00e0 divers aspects du monde sportif, des conseils pratiques pour am\u00e9liorer votre condition physique aux astuces pour atteindre vos objectifs sportifs, en passant par des guides pour maintenir une routine d&rsquo;entra\u00eenement tout au long de l&rsquo;ann\u00e9e.<\/p>\n\n\n\n<p>Mon objectif est de vous offrir un contenu informatif, motivant et accessible qui vous aidera \u00e0 cultiver votre passion pour le sport et \u00e0 atteindre votre meilleur niveau de performance.<\/p>\n\n\n\n<p>Pourquoi ce blog ? Parce que je suis convaincu que le sport est bien plus qu&rsquo;une simple activit\u00e9 physique. C&rsquo;est un mode de vie qui contribue \u00e0 notre \u00e9panouissement personnel, \u00e0 notre sant\u00e9 et \u00e0 notre bien-\u00eatre g\u00e9n\u00e9ral. Je souhaite partager mes connaissances et mon enthousiasme avec vous, et cr\u00e9er une communaut\u00e9 o\u00f9 les passionn\u00e9s de sport peuvent \u00e9changer des conseils, des id\u00e9es et des motivations pour repousser leurs limites.<\/p>\n\n\n\n<p>Je vous remercie de visiter notre blog et j&rsquo;esp\u00e8re que vous y trouverez des informations utiles et inspirantes pour nourrir votre passion pour le sport. N\u2019h\u00e9sitez pas \u00e0 explorer nos diff\u00e9rents articles et \u00e0 nous contacter si vous avez des questions ou des suggestions.<\/p>\n\n\n\n<p>Bonne lecture et \u00e0 tr\u00e8s bient\u00f4t sur le chemin de la performance !<\/p>\n\n\n\n<p>Cordialement,<\/p>\n","protected":false},"excerpt":{"rendered":"<p>Bienvenue sur notre blog d\u00e9di\u00e9 au sport ! Je suis Julien, un passionn\u00e9 d&rsquo;activit\u00e9s physiques et de bien-\u00eatre, et je suis ravi de vous accueillir sur notre plateforme. Ici, vous d\u00e9couvrirez une multitude d\u2019articles passionnants consacr\u00e9s \u00e0 divers aspects du monde sportif, des conseils pratiques pour am\u00e9liorer votre condition physique aux astuces pour atteindre vos &#8230; <a title=\"A Propos\" class=\"read-more\" href=\"https:\/\/www.bras-de-fer.fr\/blog\/a-propos\/\" aria-label=\"En savoir plus sur A Propos\">Lire plus<\/a><\/p>\n","protected":false},"author":1,"featured_media":0,"parent":0,"menu_order":0,"comment_status":"closed","ping_status":"closed","template":"","meta":{"footnotes":""},"class_list":["post-449","page","type-page","status-publish"],"_links":{"self":[{"href":"https:\/\/www.bras-de-fer.fr\/blog\/wp-json\/wp\/v2\/pages\/449","targetHints":{"allow":["GET"]}}],"collection":[{"href":"https:\/\/www.bras-de-fer.fr\/blog\/wp-json\/wp\/v2\/pages"}],"about":[{"href":"https:\/\/www.bras-de-fer.fr\/blog\/wp-json\/wp\/v2\/types\/page"}],"author":[{"embeddable":true,"href":"https:\/\/www.bras-de-fer.fr\/blog\/wp-json\/wp\/v2\/users\/1"}],"replies":[{"embeddable":true,"href":"https:\/\/www.bras-de-fer.fr\/blog\/wp-json\/wp\/v2\/comments?post=449"}],"version-history":[{"count":0,"href":"https:\/\/www.bras-de-fer.fr\/blog\/wp-json\/wp\/v2\/pages\/449\/revisions"}],"wp:attachment":[{"href":"https:\/\/www.bras-de-fer.fr\/blog\/wp-json\/wp\/v2\/media?parent=449"}],"curies":[{"name":"wp","href":"https:\/\/api.w.org\/{rel}","templated":true}]}}